{"id":2452,"date":"2022-10-18T18:35:53","date_gmt":"2022-10-18T16:35:53","guid":{"rendered":"http:\/\/gydziungnorbu.org.pl\/?page_id=2452"},"modified":"2022-10-25T20:38:55","modified_gmt":"2022-10-25T18:38:55","slug":"kontakt","status":"publish","type":"page","link":"https:\/\/gydziungnorbu.org.pl\/index.php\/kontakt\/","title":{"rendered":"Kontakt"},"content":{"rendered":"\n<h2 class=\"wp-block-heading\">Fundacja Gy Dziung Norbu<\/h2>\n\n\n\n<p>KRS: 0000978460<\/p>\n\n\n\n<p>nr konta: 87 1140 2004 0000 3802 8257 3276<\/p>\n\n\n\n<p><strong>Mariusz K\u0119pka<\/strong> &#8211; cz\u0142onek zarz\u0105du, tel. 693 862 321 <a href=\"mailto:fgdn108@gmail.com\">fgdn108@gmail.com<\/a><\/p>\n","protected":false},"excerpt":{"rendered":"<p>Fundacja Gy Dziung Norbu KRS: 0000978460 nr konta: 87 1140 2004 0000 3802 8257 3276 Mariusz K\u0119pka &#8211; cz\u0142onek zarz\u0105du, tel. 693 862 321 fgdn108@gmail.com<\/p>\n","protected":false},"author":2,"featured_media":0,"parent":0,"menu_order":0,"comment_status":"closed","ping_status":"closed","template":"","meta":{"give_campaign_id":0,"footnotes":""},"class_list":["post-2452","page","type-page","status-publish","hentry"],"campaignId":"","_links":{"self":[{"href":"https:\/\/gydziungnorbu.org.pl\/index.php\/wp-json\/wp\/v2\/pages\/2452","targetHints":{"allow":["GET"]}}],"collection":[{"href":"https:\/\/gydziungnorbu.org.pl\/index.php\/wp-json\/wp\/v2\/pages"}],"about":[{"href":"https:\/\/gydziungnorbu.org.pl\/index.php\/wp-json\/wp\/v2\/types\/page"}],"author":[{"embeddable":true,"href":"https:\/\/gydziungnorbu.org.pl\/index.php\/wp-json\/wp\/v2\/users\/2"}],"replies":[{"embeddable":true,"href":"https:\/\/gydziungnorbu.org.pl\/index.php\/wp-json\/wp\/v2\/comments?post=2452"}],"version-history":[{"count":2,"href":"https:\/\/gydziungnorbu.org.pl\/index.php\/wp-json\/wp\/v2\/pages\/2452\/revisions"}],"predecessor-version":[{"id":2555,"href":"https:\/\/gydziungnorbu.org.pl\/index.php\/wp-json\/wp\/v2\/pages\/2452\/revisions\/2555"}],"wp:attachment":[{"href":"https:\/\/gydziungnorbu.org.pl\/index.php\/wp-json\/wp\/v2\/media?parent=2452"}],"curies":[{"name":"wp","href":"https:\/\/api.w.org\/{rel}","templated":true}]}}