{"id":2458,"date":"2022-10-18T18:41:31","date_gmt":"2022-10-18T16:41:31","guid":{"rendered":"http:\/\/gydziungnorbu.org.pl\/?page_id=2458"},"modified":"2024-12-24T15:28:47","modified_gmt":"2024-12-24T14:28:47","slug":"o-nas","status":"publish","type":"page","link":"https:\/\/gydziungnorbu.org.pl\/index.php\/o-nas\/","title":{"rendered":"O nas"},"content":{"rendered":"\t\t<div data-elementor-type=\"wp-page\" data-elementor-id=\"2458\" class=\"elementor elementor-2458\">\n\t\t\t\t\t\t<section class=\"elementor-section elementor-top-section elementor-element elementor-element-6d14d1f7 elementor-section-boxed elementor-section-height-default elementor-section-height-default\" data-id=\"6d14d1f7\" data-element_type=\"section\" data-e-type=\"section\">\n\t\t\t\t\t\t<div class=\"elementor-container elementor-column-gap-default\">\n\t\t\t\t\t<div class=\"elementor-column elementor-col-100 elementor-top-column elementor-element elementor-element-5fc1aff7\" data-id=\"5fc1aff7\" data-element_type=\"column\" data-e-type=\"column\">\n\t\t\t<div class=\"elementor-widget-wrap elementor-element-populated\">\n\t\t\t\t\t\t<div class=\"elementor-element elementor-element-5a2c26db elementor-widget elementor-widget-text-editor\" data-id=\"5a2c26db\" data-element_type=\"widget\" data-e-type=\"widget\" data-widget_type=\"text-editor.default\">\n\t\t\t\t<div class=\"elementor-widget-container\">\n\t\t\t\t\t\t\t\t\t<p>[vc_row][vc_column][vc_column_text]<\/p>\n<h2>Nakarmi\u0107 g\u0142odnego!<\/h2>\n<p><\/p>\n<p>Taki pomys\u0142 zrodzi\u0142 nam si\u0119 w g\u0142owach w wyniku wielogodzinnych dyskuji o tym, co mo\u017cna zrobi\u0107 po\u017cytecznego dla innych.<\/p>\n<p><\/p>\n<p>Nasz\u0105\u00a0inspiracj\u0105 s\u0105 nauki Buddy, oraz dzia\u0142ania naszych buddyjskich nauczycieli, kt\u00f3rzy daj\u0105 nam przyk\u0142ad w jaki spos\u00f3b praktykowa\u0107 wsp\u00f3\u0142czucie, szczodro\u015b\u0107, cierpliwo\u015b\u0107&#8230;<\/p>\n<p><\/p>\n<p>Nasz\u0105 nazw\u0119 &#8211; Gy Dziung Norbu, nada\u0142 nam, nasz nauczyciel, Drub\u0142ang Sangje Njenpa Rinpocze w 2012 r. W wolnym t\u0142umaczeniu po tybeta\u0144sku Gy Dziung Norbu znaczy Skarbnica\/Klejnot Spe\u0142niaj\u0105cy \u017byczenia.<\/p>\n<p><\/p>\n<p>Pierwszych 8 wega\u0144skich posi\u0142k\u00f3w rozdali\u015bmy w 2011 r. na Dworcu Wschodnim w Warszawie. Teraz, dzi\u0119ki pomocy naszych przyjaci\u00f3\u0142, wolontariuszy, darczy\u0144c\u00f3w, gotujemy ok. 100 wega\u0144skich porcji dwa razy w tygodniu i rozdajemy je na ulicach Warszawy.<\/p>\n<p><\/p>\n<p>Poniewa\u017c nasze dzia\u0142ania skierowane s\u0105 do ludzi w kryzysie bezdomno\u015bci oraz tych najbiedniejszych z czasem rozszerzyli\u015bmy nasze dzia\u0142ania o zbi\u00f3rki kosmetyk\u00f3w, skarpet, bielizny, odzie\u017cy, telefon\u00f3w kom\u00f3rkowych, itp. na to, co aktualnie jest najpotrzebniejsze.<\/p>\n<p><\/p>\n<p>Do 2022 r. byli\u015bmy cz\u0119\u015bci\u0105 Zwi\u0105zku Buddyjskiego Bencien Karma Kamtsang, od 14.07.2022 r. jeste\u015bmy Fundacj\u0105 Gy Dziung Norbu.<\/p>\n<h2>O nas w mediach:<\/h2>\n<table border=\"0\" cellspacing=\"0\" cellpadding=\"0\">\n<tbody>\n<tr>\n<td><a href=\"https:\/\/www.eskarock.pl\/wiadomosci\/agnieszka-i-mariusz-kepka-o-potrzebie-pomocy-rozmowa-z-buddystami-przygotowujacymi-posilki-dla-osob-potrzebujacych-aa-twKV-J4k8-8MBT.html\" target=\"_blank\" rel=\"noopener\"><img fetchpriority=\"high\" decoding=\"async\" class=\"alignnone wp-image-2813 size-medium\" src=\"http:\/\/gydziungnorbu.org.pl\/wp-content\/uploads\/2019\/04\/eska-rock-300x199.jpg\" alt=\"Wywiad w Eska Rock\" width=\"300\" height=\"199\" srcset=\"https:\/\/gydziungnorbu.org.pl\/wp-content\/uploads\/2019\/04\/eska-rock-300x199.jpg 300w, https:\/\/gydziungnorbu.org.pl\/wp-content\/uploads\/2019\/04\/eska-rock.jpg 665w\" sizes=\"(max-width: 300px) 100vw, 300px\" \/><\/a><\/td>\n<td><a href=\"https:\/\/youtu.be\/hyLurQLFZ1A?si=aiHOoTNeDt7TUyjZ\" target=\"_blank\" rel=\"noopener\"><img decoding=\"async\" class=\"alignnone wp-image-2818 size-medium\" src=\"http:\/\/gydziungnorbu.org.pl\/wp-content\/uploads\/2019\/04\/weganstwo-logo-300x300.jpeg\" alt=\"Wywiad w Wega\u0144stwo\" width=\"300\" height=\"300\" srcset=\"https:\/\/gydziungnorbu.org.pl\/wp-content\/uploads\/2019\/04\/weganstwo-logo-300x300.jpeg 300w, https:\/\/gydziungnorbu.org.pl\/wp-content\/uploads\/2019\/04\/weganstwo-logo-150x150.jpeg 150w, https:\/\/gydziungnorbu.org.pl\/wp-content\/uploads\/2019\/04\/weganstwo-logo.jpeg 640w\" sizes=\"(max-width: 300px) 100vw, 300px\" \/><\/a><\/td>\n<\/tr>\n<tr>\n<td><a href=\"https:\/\/wiadomosci.onet.pl\/warszawa\/warszawscy-buddysci-pomagaja-biednym-i-bezdomnym\/ktzl7xc\" target=\"_blank\" rel=\"noopener\"><img decoding=\"async\" class=\"alignnone wp-image-2648 size-medium\" src=\"http:\/\/gydziungnorbu.org.pl\/wp-content\/uploads\/2019\/04\/onet-logo2017-655-300x113.jpg\" alt=\"Artyku\u0142 w onet.pl\" width=\"300\" height=\"113\" srcset=\"https:\/\/gydziungnorbu.org.pl\/wp-content\/uploads\/2019\/04\/onet-logo2017-655-300x113.jpg 300w, https:\/\/gydziungnorbu.org.pl\/wp-content\/uploads\/2019\/04\/onet-logo2017-655-768x290.jpg 768w, https:\/\/gydziungnorbu.org.pl\/wp-content\/uploads\/2019\/04\/onet-logo2017-655.jpg 776w\" sizes=\"(max-width: 300px) 100vw, 300px\" \/><\/a><\/td>\n<td><a href=\"https:\/\/www.youtube.com\/embed\/0kEXg2ugd5E?autoplay=1&amp;rel=0&amp;showinfo=0\" target=\"_blank\" rel=\"noopener\"><img loading=\"lazy\" decoding=\"async\" class=\"alignnone size-medium wp-image-2644\" src=\"http:\/\/gydziungnorbu.org.pl\/wp-content\/uploads\/2024\/01\/WR-logo-300x96.jpg\" alt=\"Warszawianka Roku 2021\" width=\"300\" height=\"96\" srcset=\"https:\/\/gydziungnorbu.org.pl\/wp-content\/uploads\/2024\/01\/WR-logo-300x96.jpg 300w, https:\/\/gydziungnorbu.org.pl\/wp-content\/uploads\/2024\/01\/WR-logo.jpg 600w\" sizes=\"(max-width: 300px) 100vw, 300px\" \/><\/a><\/td>\n<\/tr>\n<\/tbody>\n<\/table>\n<p>&nbsp;<\/p>\n<p>\n\n<\/p>\n<p>&nbsp;<\/p>\n<p>[\/vc_column_text][\/vc_column][\/vc_row][vc_row][vc_column][vc_single_image image=&#8221;2527&#8243; img_size=&#8221;large&#8221;][\/vc_column][\/vc_row]<\/p>\t\t\t\t\t\t\t\t<\/div>\n\t\t\t\t<\/div>\n\t\t\t\t\t<\/div>\n\t\t<\/div>\n\t\t\t\t\t<\/div>\n\t\t<\/section>\n\t\t\t\t<section class=\"elementor-section elementor-top-section elementor-element elementor-element-22500dc elementor-section-boxed elementor-section-height-default elementor-section-height-default\" data-id=\"22500dc\" data-element_type=\"section\" data-e-type=\"section\">\n\t\t\t\t\t\t<div class=\"elementor-container elementor-column-gap-default\">\n\t\t\t\t\t<div class=\"elementor-column elementor-col-100 elementor-top-column elementor-element elementor-element-bde17bb\" data-id=\"bde17bb\" data-element_type=\"column\" data-e-type=\"column\">\n\t\t\t<div class=\"elementor-widget-wrap\">\n\t\t\t\t\t\t\t<\/div>\n\t\t<\/div>\n\t\t\t\t\t<\/div>\n\t\t<\/section>\n\t\t\t\t<\/div>\n\t\t","protected":false},"excerpt":{"rendered":"<p>[vc_row][vc_column][vc_column_text] Nakarmi\u0107 g\u0142odnego! Taki pomys\u0142 zrodzi\u0142 nam si\u0119 w g\u0142owach w wyniku wielogodzinnych dyskuji o tym, co mo\u017cna zrobi\u0107 po\u017cytecznego dla innych. Nasz\u0105\u00a0inspiracj\u0105 s\u0105 nauki Buddy, oraz dzia\u0142ania naszych buddyjskich nauczycieli, kt\u00f3rzy daj\u0105 nam przyk\u0142ad w jaki spos\u00f3b praktykowa\u0107 wsp\u00f3\u0142czucie, szczodro\u015b\u0107, cierpliwo\u015b\u0107&#8230; Nasz\u0105 nazw\u0119 &#8211;&#8230;<\/p>\n","protected":false},"author":2,"featured_media":0,"parent":0,"menu_order":0,"comment_status":"closed","ping_status":"closed","template":"","meta":{"give_campaign_id":0,"footnotes":""},"class_list":["post-2458","page","type-page","status-publish","hentry"],"campaignId":"","_links":{"self":[{"href":"https:\/\/gydziungnorbu.org.pl\/index.php\/wp-json\/wp\/v2\/pages\/2458","targetHints":{"allow":["GET"]}}],"collection":[{"href":"https:\/\/gydziungnorbu.org.pl\/index.php\/wp-json\/wp\/v2\/pages"}],"about":[{"href":"https:\/\/gydziungnorbu.org.pl\/index.php\/wp-json\/wp\/v2\/types\/page"}],"author":[{"embeddable":true,"href":"https:\/\/gydziungnorbu.org.pl\/index.php\/wp-json\/wp\/v2\/users\/2"}],"replies":[{"embeddable":true,"href":"https:\/\/gydziungnorbu.org.pl\/index.php\/wp-json\/wp\/v2\/comments?post=2458"}],"version-history":[{"count":38,"href":"https:\/\/gydziungnorbu.org.pl\/index.php\/wp-json\/wp\/v2\/pages\/2458\/revisions"}],"predecessor-version":[{"id":2853,"href":"https:\/\/gydziungnorbu.org.pl\/index.php\/wp-json\/wp\/v2\/pages\/2458\/revisions\/2853"}],"wp:attachment":[{"href":"https:\/\/gydziungnorbu.org.pl\/index.php\/wp-json\/wp\/v2\/media?parent=2458"}],"curies":[{"name":"wp","href":"https:\/\/api.w.org\/{rel}","templated":true}]}}